
{"id":127,"date":"2025-12-26T10:18:13","date_gmt":"2025-12-26T10:18:13","guid":{"rendered":"https:\/\/www.reeserkult.de\/?page_id=127"},"modified":"2025-12-28T12:11:43","modified_gmt":"2025-12-28T12:11:43","slug":"was-wir-bieten","status":"publish","type":"page","link":"https:\/\/www.reeserkult.de\/?page_id=127","title":{"rendered":"Was wir bieten"},"content":{"rendered":"\n<!-- Abschnitt: Was wir bieten -->\n\n<p>\nBei <strong>Reeserkult<\/strong> dreht sich alles um Individualit\u00e4t, Qualit\u00e4t und Kreativit\u00e4t. Wir verwandeln Textilien und Geschenkideen in pers\u00f6nliche Unikate \u2013 mit Liebe zum Detail und moderner Technik. Ob Bestickung, Textildruck oder Lasergravur: Jedes Projekt entsteht mit dem Anspruch, etwas Besonderes zu schaffen, das langlebig begeistert und Eindruck hinterl\u00e4sst.\n<\/p>\n\n\n\n<figure class=\"wp-block-image size-large\"><img loading=\"lazy\" decoding=\"async\" width=\"768\" height=\"1024\" src=\"https:\/\/www.reeserkult.de\/wp-content\/uploads\/2025\/12\/IMG_8482-768x1024.jpeg\" alt=\"\" class=\"wp-image-107\" srcset=\"https:\/\/www.reeserkult.de\/wp-content\/uploads\/2025\/12\/IMG_8482-768x1024.jpeg 768w, https:\/\/www.reeserkult.de\/wp-content\/uploads\/2025\/12\/IMG_8482-225x300.jpeg 225w, https:\/\/www.reeserkult.de\/wp-content\/uploads\/2025\/12\/IMG_8482-1152x1536.jpeg 1152w, https:\/\/www.reeserkult.de\/wp-content\/uploads\/2025\/12\/IMG_8482-1536x2048.jpeg 1536w, https:\/\/www.reeserkult.de\/wp-content\/uploads\/2025\/12\/IMG_8482-scaled.jpeg 1920w\" sizes=\"auto, (max-width: 768px) 100vw, 768px\" \/><\/figure>\n\n\n\n<p>\nUnsere Bestickungen verleihen Kleidung und Accessoires eine hochwertige, professionelle Note. Firmenlogos, Namensz\u00fcge oder Motive \u2013 gestickt auf Poloshirts, Jacken, Caps oder Handt\u00fcchern \u2013 sorgen f\u00fcr Wiedererkennungswert und unterstreichen den Charakter deiner Marke oder deines Teams.\n<\/p>\n\n\n\n\n<figure class=\"wp-block-image size-large\"><img loading=\"lazy\" decoding=\"async\" width=\"1024\" height=\"681\" src=\"https:\/\/www.reeserkult.de\/wp-content\/uploads\/2025\/12\/ink-1602896_1280-1024x681.jpg\" alt=\"\" class=\"wp-image-130\" srcset=\"https:\/\/www.reeserkult.de\/wp-content\/uploads\/2025\/12\/ink-1602896_1280-1024x681.jpg 1024w, https:\/\/www.reeserkult.de\/wp-content\/uploads\/2025\/12\/ink-1602896_1280-300x199.jpg 300w, https:\/\/www.reeserkult.de\/wp-content\/uploads\/2025\/12\/ink-1602896_1280-768x511.jpg 768w, https:\/\/www.reeserkult.de\/wp-content\/uploads\/2025\/12\/ink-1602896_1280.jpg 1280w\" sizes=\"auto, (max-width: 1024px) 100vw, 1024px\" \/><\/figure>\n\n\n\n<p>\nMit unserem Textildruck setzen wir kreative Ideen farbgenau um. T-Shirts, Hoodies, Taschen oder Workwear werden zu individuellen Blickf\u00e4ngen \u2013 ideal f\u00fcr Teams, Vereine, Events oder Promotion-Aktionen. Kr\u00e4ftige Farben, feine Linien und passende Materialien machen jedes St\u00fcck zu einem starken Auftritt.\n<\/p>\n\n\n\n\n\n\n<p>\nEgal, ob du ein einzelnes personalisiertes Geschenk suchst oder eine komplette Ausstattung f\u00fcr dein Unternehmen ben\u00f6tigst \u2013 bei Reeserkult steht deine Idee im Mittelpunkt. Wir beraten dich pers\u00f6nlich, zeigen dir kreative M\u00f6glichkeiten und sorgen daf\u00fcr, dass vom Entwurf bis zum fertigen Produkt jedes Detail stimmt.\n<\/p>\n\n\n\n\n\n\n<p>\nReeserkult \u2013 einfach pers\u00f6nlich. einfach besonders.\n<\/p>\n","protected":false},"excerpt":{"rendered":"<p>Bei Reeserkult dreht sich alles um Individualit\u00e4t, Qualit\u00e4t und Kreativit\u00e4t. Wir verwandeln Textilien und Geschenkideen in pers\u00f6nliche Unikate \u2013 mit Liebe zum Detail und moderner Technik. Ob Bestickung, Textildruck oder Lasergravur: Jedes Projekt entsteht mit dem Anspruch, etwas Besonderes zu schaffen, das langlebig begeistert und Eindruck hinterl\u00e4sst. Unsere Bestickungen verleihen Kleidung und Accessoires eine hochwertige, [&hellip;]<\/p>\n","protected":false},"author":1,"featured_media":0,"parent":0,"menu_order":0,"comment_status":"closed","ping_status":"closed","template":"","meta":{"footnotes":""},"class_list":["post-127","page","type-page","status-publish","hentry"],"jetpack_sharing_enabled":true,"_links":{"self":[{"href":"https:\/\/www.reeserkult.de\/index.php?rest_route=\/wp\/v2\/pages\/127","targetHints":{"allow":["GET"]}}],"collection":[{"href":"https:\/\/www.reeserkult.de\/index.php?rest_route=\/wp\/v2\/pages"}],"about":[{"href":"https:\/\/www.reeserkult.de\/index.php?rest_route=\/wp\/v2\/types\/page"}],"author":[{"embeddable":true,"href":"https:\/\/www.reeserkult.de\/index.php?rest_route=\/wp\/v2\/users\/1"}],"replies":[{"embeddable":true,"href":"https:\/\/www.reeserkult.de\/index.php?rest_route=%2Fwp%2Fv2%2Fcomments&post=127"}],"version-history":[{"count":5,"href":"https:\/\/www.reeserkult.de\/index.php?rest_route=\/wp\/v2\/pages\/127\/revisions"}],"predecessor-version":[{"id":133,"href":"https:\/\/www.reeserkult.de\/index.php?rest_route=\/wp\/v2\/pages\/127\/revisions\/133"}],"wp:attachment":[{"href":"https:\/\/www.reeserkult.de\/index.php?rest_route=%2Fwp%2Fv2%2Fmedia&parent=127"}],"curies":[{"name":"wp","href":"https:\/\/api.w.org\/{rel}","templated":true}]}}