
{"id":249,"date":"2025-12-29T08:49:20","date_gmt":"2025-12-29T08:49:20","guid":{"rendered":"https:\/\/www.reeserkult.de\/?post_type=product&#038;p=249"},"modified":"2025-12-29T09:12:32","modified_gmt":"2025-12-29T09:12:32","slug":"t-shirt-feuerwehr","status":"publish","type":"product","link":"https:\/\/www.reeserkult.de\/?product=t-shirt-feuerwehr","title":{"rendered":"T-Shirt &#8222;FEUERWEHR&#8220;"},"content":{"rendered":"<h3 data-start=\"107\" data-end=\"163\">Neon Statement mit R\u00fcckendruck<\/h3>\n<p data-start=\"165\" data-end=\"437\">Dieses hochwertige T-Shirt mit markantem <strong data-start=\"206\" data-end=\"246\">FEUERWEHR-Druck auf Brust und R\u00fccken<\/strong> ist die ideale Wahl f\u00fcr <strong data-start=\"271\" data-end=\"288\">Einsatzkr\u00e4fte<\/strong>. Der auff\u00e4llige <strong data-start=\"305\" data-end=\"323\">Neongelb-Druck<\/strong> sorgt f\u00fcr maximale Sichtbarkeit und einen starken Auftritt \u2013 im Dienst, bei Veranstaltungen oder in der Freizeit.<\/p>\n<p data-start=\"439\" data-end=\"690\">Der Druck ist langlebig, farbintensiv und widerstandsf\u00e4hig gegen\u00fcber h\u00e4ufigem Waschen. Auf Wunsch ist der Schriftzug auch <strong data-start=\"561\" data-end=\"582\">in anderen Farben<\/strong> erh\u00e4ltlich, sodass das Shirt individuell an pers\u00f6nliche Vorlieben oder Vereinsfarben angepasst werden kann.<\/p>\n<h4 data-start=\"692\" data-end=\"712\">Produktdetails:<\/h4>\n<ul data-start=\"713\" data-end=\"1023\">\n<li data-start=\"713\" data-end=\"772\">\n<p data-start=\"715\" data-end=\"772\">T-Shirt mit <strong data-start=\"727\" data-end=\"772\">FEUERWEHR-Schriftzug auf Brust und R\u00fccken<\/strong><\/p>\n<\/li>\n<li data-start=\"773\" data-end=\"802\">\n<p data-start=\"775\" data-end=\"802\">Standardfarbe: <strong data-start=\"790\" data-end=\"802\">Neongelb<\/strong><\/p>\n<\/li>\n<li data-start=\"803\" data-end=\"840\">\n<p data-start=\"805\" data-end=\"840\"><strong data-start=\"805\" data-end=\"840\">Andere Farbvarianten auf Wunsch m\u00f6glich<\/strong><\/p>\n<\/li>\n<li data-start=\"841\" data-end=\"880\">\n<p data-start=\"843\" data-end=\"880\">Hochwertiger, strapazierf\u00e4higer DTF-Druck<\/p>\n<\/li>\n<li data-start=\"881\" data-end=\"929\">\n<p data-start=\"883\" data-end=\"929\">Angenehmer Tragekomfort durch weiches Material<\/p>\n<\/li>\n<li data-start=\"930\" data-end=\"967\">\n<p data-start=\"932\" data-end=\"967\">Klassischer Schnitt, unisex tragbar<\/p>\n<\/li>\n<li data-start=\"968\" data-end=\"1023\">\n<p data-start=\"970\" data-end=\"1023\">Ideal f\u00fcr Freizeit, Feuerwehr-Events und Vereinsleben<\/p>\n<\/li>\n<li data-start=\"968\" data-end=\"1023\">Gr\u00f6\u00dfen XS bis 6XL<\/li>\n<\/ul>\n<p>&nbsp;<\/p>\n<p data-start=\"1025\" data-end=\"1091\">Ein klares Statement \u2013 robust, sichtbar und kompromisslos im Stil.<\/p>\n","protected":false},"excerpt":{"rendered":"<p>Hochwertiges T-Shirt mit <strong data-start=\"48\" data-end=\"88\">FEUERWEHR-Druck auf Brust und R\u00fccken<\/strong>. Der auff\u00e4llige <strong data-start=\"105\" data-end=\"123\">Neongelb-Druck<\/strong> sorgt f\u00fcr optimale Sichtbarkeit. Strapazierf\u00e4higer Druck, angenehmer Tragekomfort und klassischer Unisex-Schnitt. <strong data-start=\"238\" data-end=\"283\">Andere Druckfarben auf Wunsch erh\u00e4ltlich.<\/strong> Ideal f\u00fcr Dienst, Veranstaltungen und Freizeit.<\/p>\n","protected":false},"featured_media":0,"comment_status":"open","ping_status":"closed","template":"","meta":[],"product_brand":[],"product_cat":[50],"product_tag":[65,57,56,59,60,58,66,55,53,63,64,67,54,62,61],"class_list":{"0":"post-249","1":"product","2":"type-product","3":"status-publish","5":"product_cat-t-shirts","6":"product_tag-einsatzkleidung-feuerwehr","7":"product_tag-feuerwehr-bekleidung","8":"product_tag-feuerwehr-druck","9":"product_tag-feuerwehr-einsatzshirt","10":"product_tag-feuerwehr-freizeitshirt","11":"product_tag-feuerwehr-kleidung","12":"product_tag-feuerwehr-merch","13":"product_tag-feuerwehr-shirt","14":"product_tag-feuerwehr-t-shirt","15":"product_tag-neon-druck","16":"product_tag-neongelb","17":"product_tag-reeserkult","18":"product_tag-t-shirt-feuerwehr","19":"product_tag-t-shirt-mit-brustdruck","20":"product_tag-t-shirt-mit-rueckendruck","22":"first","23":"outofstock","24":"taxable","25":"shipping-taxable","26":"product-type-variable"},"jetpack_sharing_enabled":true,"_links":{"self":[{"href":"https:\/\/www.reeserkult.de\/index.php?rest_route=\/wp\/v2\/product\/249","targetHints":{"allow":["GET"]}}],"collection":[{"href":"https:\/\/www.reeserkult.de\/index.php?rest_route=\/wp\/v2\/product"}],"about":[{"href":"https:\/\/www.reeserkult.de\/index.php?rest_route=\/wp\/v2\/types\/product"}],"replies":[{"embeddable":true,"href":"https:\/\/www.reeserkult.de\/index.php?rest_route=%2Fwp%2Fv2%2Fcomments&post=249"}],"wp:attachment":[{"href":"https:\/\/www.reeserkult.de\/index.php?rest_route=%2Fwp%2Fv2%2Fmedia&parent=249"}],"wp:term":[{"taxonomy":"product_brand","embeddable":true,"href":"https:\/\/www.reeserkult.de\/index.php?rest_route=%2Fwp%2Fv2%2Fproduct_brand&post=249"},{"taxonomy":"product_cat","embeddable":true,"href":"https:\/\/www.reeserkult.de\/index.php?rest_route=%2Fwp%2Fv2%2Fproduct_cat&post=249"},{"taxonomy":"product_tag","embeddable":true,"href":"https:\/\/www.reeserkult.de\/index.php?rest_route=%2Fwp%2Fv2%2Fproduct_tag&post=249"}],"curies":[{"name":"wp","href":"https:\/\/api.w.org\/{rel}","templated":true}]}}